{"id":855,"date":"2016-03-09T16:18:50","date_gmt":"2016-03-09T15:18:50","guid":{"rendered":"https:\/\/miglioranza.com\/de\/fertighallen\/products-prefabricated-facilities\/"},"modified":"2020-10-06T15:34:38","modified_gmt":"2020-10-06T13:34:38","slug":"produkte","status":"publish","type":"page","link":"https:\/\/www.miglioranza.com\/de\/fertighallen\/produkte\/","title":{"rendered":"Produkte"},"content":{"rendered":"<div class=\"wpb-content-wrapper\">[vc_row fullwidth=&#8220;true&#8220; css=&#8220;.vc_custom_1457537481691{padding-top: 0px !important;padding-right: 0px !important;padding-bottom: 0px !important;padding-left: 0px !important;background-color: #ffb100 !important;}&#8220;][vc_column][vc_empty_space height=&#8220;20px&#8220;][\/vc_column][\/vc_row][mk_page_section bg_image=&#8220;https:\/\/www.miglioranza.com\/wp-content\/uploads\/2016\/03\/Fondo-Verde.jpg&#8220; bg_position=&#8220;center bottom&#8220; bg_repeat=&#8220;no-repeat&#8220; bg_stretch=&#8220;true&#8220; parallax=&#8220;true&#8220; color_mask=&#8220;#ffffff&#8220; mask_opacity=&#8220;0&#8243; full_width=&#8220;true&#8220;][vc_column][vc_empty_space][vc_column_text]\n<h2 style=\"text-align: center;\"><span style=\"color: #ffffff;\">Miglioranza Srl \u00b7 Innovativen L\u00f6sungen<\/span><\/h2>\n[\/vc_column_text][\/vc_column][\/mk_page_section][vc_row][vc_column][mk_padding_divider][vc_column_text]\n<p style=\"text-align: center;\">Die Bauten k\u00f6nnen ganz nach Ihren Anforderungen und W\u00fcnschen in den verschiedensten Architekturformen und Gr\u00f6\u00dfen errichtet werden.<\/p>\n<h3 style=\"text-align: center;\">Wir m\u00f6chten, dass Sie Ihre Arbeit komfortabel und ohne unliebsame \u00dcberraschungen ausf\u00fchren k\u00f6nnen<\/h3>\n[\/vc_column_text][vc_column_text]\n<h2 style=\"text-align: center;\"><img loading=\"lazy\" decoding=\"async\" class=\"alignnone size-medium wp-image-978\" src=\"https:\/\/www.miglioranza.com\/wp-content\/uploads\/2016\/03\/Logo-Sanhart1-300x109.png\" alt=\"\" width=\"300\" height=\"109\" title=\"\"><\/h2>\n[\/vc_column_text][\/vc_column][\/vc_row][vc_row][vc_column][mk_padding_divider][mk_portfolio style=&#8220;standard&#8220; column=&#8220;4&#8243; hover_style=&#8220;zoom-out&#8220; height=&#8220;350&#8243; sortable=&#8220;false&#8220; plus_icon=&#8220;false&#8220; order=&#8220;ASC&#8220; item_id=&#8220;1457597473-56e12c21a78af&#8220;][\/vc_column][\/vc_row]\n<\/div>","protected":false},"excerpt":{"rendered":"<p>[vc_row fullwidth=&#8220;true&#8220; css=&#8220;.vc_custom_1457537481691{padding-top: 0px !important;padding-right: 0px !important;padding-bottom: 0px !important;padding-left: 0px !important;background-color: #ffb100 !important;}&#8220;][vc_column][vc_empty_space height=&#8220;20px&#8220;][\/vc_column][\/vc_row][mk_page_section bg_image=&#8220;https:\/\/www.miglioranza.com\/wp-content\/uploads\/2016\/03\/Fondo-Verde.jpg&#8220; bg_position=&#8220;center bottom&#8220; bg_repeat=&#8220;no-repeat&#8220; bg_stretch=&#8220;true&#8220; parallax=&#8220;true&#8220; color_mask=&#8220;#ffffff&#8220; mask_opacity=&#8220;0&#8243; full_width=&#8220;true&#8220;][vc_column][vc_empty_space][vc_column_text] Miglioranza Srl \u00b7 Innovativen L\u00f6sungen [\/vc_column_text][\/vc_column][\/mk_page_section][vc_row][vc_column][mk_padding_divider][vc_column_text] Die Bauten k\u00f6nnen ganz nach Ihren Anforderungen und W\u00fcnschen in den verschiedensten Architekturformen und Gr\u00f6\u00dfen errichtet werden. Wir m\u00f6chten, dass Sie Ihre Arbeit komfortabel und ohne [&hellip;]<\/p>\n","protected":false},"author":2,"featured_media":0,"parent":791,"menu_order":0,"comment_status":"closed","ping_status":"closed","template":"","meta":{"footnotes":""},"class_list":["post-855","page","type-page","status-publish","hentry"],"_links":{"self":[{"href":"https:\/\/www.miglioranza.com\/de\/wp-json\/wp\/v2\/pages\/855","targetHints":{"allow":["GET"]}}],"collection":[{"href":"https:\/\/www.miglioranza.com\/de\/wp-json\/wp\/v2\/pages"}],"about":[{"href":"https:\/\/www.miglioranza.com\/de\/wp-json\/wp\/v2\/types\/page"}],"author":[{"embeddable":true,"href":"https:\/\/www.miglioranza.com\/de\/wp-json\/wp\/v2\/users\/2"}],"replies":[{"embeddable":true,"href":"https:\/\/www.miglioranza.com\/de\/wp-json\/wp\/v2\/comments?post=855"}],"version-history":[{"count":0,"href":"https:\/\/www.miglioranza.com\/de\/wp-json\/wp\/v2\/pages\/855\/revisions"}],"up":[{"embeddable":true,"href":"https:\/\/www.miglioranza.com\/de\/wp-json\/wp\/v2\/pages\/791"}],"wp:attachment":[{"href":"https:\/\/www.miglioranza.com\/de\/wp-json\/wp\/v2\/media?parent=855"}],"curies":[{"name":"wp","href":"https:\/\/api.w.org\/{rel}","templated":true}]}}