{"id":791,"date":"2016-03-08T15:54:07","date_gmt":"2016-03-08T14:54:07","guid":{"rendered":"https:\/\/miglioranza.com\/de\/capannoni-prefabbricati\/"},"modified":"2023-08-01T15:42:36","modified_gmt":"2023-08-01T13:42:36","slug":"fertighallen","status":"publish","type":"page","link":"https:\/\/www.miglioranza.com\/de\/","title":{"rendered":"Home"},"content":{"rendered":"<div class=\"wpb-content-wrapper\">[vc_row fullwidth=&#8220;true&#8220; css=&#8220;.vc_custom_1457460310858{padding-top: 0px !important;padding-right: 0px !important;padding-bottom: 0px !important;padding-left: 0px !important;}&#8220;][vc_column][mk_edge_slider order=&#8220;ASC&#8220; full_height=&#8220;false&#8220; height=&#8220;492&#8243; slides=&#8220;15,62,67&#8243;][\/vc_column][\/vc_row][vc_row fullwidth=&#8220;true&#8220; css=&#8220;.vc_custom_1457538302181{padding-top: 0px !important;padding-right: 0px !important;padding-bottom: 0px !important;padding-left: 0px !important;background-color: #ffb100 !important;}&#8220;][vc_column][vc_empty_space height=&#8220;20px&#8220;][\/vc_column][\/vc_row][mk_page_section bg_image=&#8220;https:\/\/www.miglioranza.com\/wp-content\/uploads\/2016\/03\/Fondo-Verde.jpg&#8220; mask_opacity=&#8220;0.1&#8243; full_width=&#8220;true&#8220;][vc_column][vc_empty_space][vc_column_text]\n<h1 style=\"text-align: center;\"><span style=\"color: #ffffff;\">BAUEN, UM BESSER ZU WERDEN<\/span><\/h1>\n[\/vc_column_text][\/vc_column][\/mk_page_section][vc_row css=&#8220;.vc_custom_1457462521647{padding-top: 0px !important;padding-right: 0px !important;padding-bottom: 0px !important;padding-left: 0px !important;}&#8220;][vc_column][vc_empty_space height=&#8220;12px&#8220;][vc_empty_space height=&#8220;12px&#8220;][vc_column_text]\n<p style=\"text-align: justify;\"><img loading=\"lazy\" decoding=\"async\" class=\"aligncenter size-medium\" src=\"https:\/\/www.miglioranza.com\/wp-content\/uploads\/2016\/03\/Logo-Sanhart1.png\" alt=\"Logo Sanhart Miglioranza Marostica Vicenza Italy\" width=\"300\" height=\"109\" title=\"\"><\/p>\n[\/vc_column_text][vc_row_inner][vc_column_inner width=&#8220;1\/4&#8243;][vc_single_image image=&#8220;44&#8243; img_size=&#8220;full&#8220; alignment=&#8220;center&#8220; onclick=&#8220;link_image&#8220;][\/vc_column_inner][vc_column_inner width=&#8220;1\/2&#8243;][vc_column_text]\n<p style=\"text-align: justify;\"><span style=\"font-size: 12pt;\"><strong>Miglioranza Srl<\/strong> ist eine junge, dynamische Firma, in der Menschen mit langj\u00e4hriger Erfahrung beim Entwurf, dem Bau und der Installation von Fertighallen effizient zusammenarbeiten.<\/span><\/p>\n<p style=\"text-align: justify;\"><span style=\"font-size: 12pt;\">Unsere Erfahrung aus der Errichtung von hunderten von Bauten flie\u00dft in den Bau von anforderungsgerechten Spezialhallen ein.\u00a0F\u00fcr unser Haus sind die Qualit\u00e4t der Produkte und eine pr\u00e4zise Installation von grundlegender Bedeutung.<\/span><\/p>\n[\/vc_column_text][\/vc_column_inner][vc_column_inner width=&#8220;1\/4&#8243;][vc_single_image image=&#8220;59&#8243; img_size=&#8220;full&#8220; alignment=&#8220;center&#8220; onclick=&#8220;link_image&#8220;][\/vc_column_inner][\/vc_row_inner][vc_column_text]\n<h4 style=\"text-align: center;\"><span style=\"color: #045e39;\">Der Kunde ist unsere Richtschnur, seine Zufriedenheit unser Ziel.<\/span><\/h4>\n[\/vc_column_text][\/vc_column][\/vc_row][vc_row attached=&#8220;true&#8220; css=&#8220;.vc_custom_1457533063907{padding-top: 0px !important;padding-right: 0px !important;padding-bottom: 0px !important;padding-left: 0px !important;}&#8220;][vc_column][mk_gallery images=&#8220;478,482,416,448,446&#8243; style=&#8220;masonry&#8220; masonry_style=&#8220;style3&#8243; item_spacing=&#8220;2&#8243; margin_bottom=&#8220;0&#8243; item_id=&#8220;1457521393-56e002f1d052e&#8220;][\/vc_column][\/vc_row][vc_row fullwidth=&#8220;true&#8220; attached=&#8220;true&#8220; css=&#8220;.vc_custom_1457533367380{padding-top: 0px !important;padding-right: 0px !important;padding-bottom: 0px !important;padding-left: 0px !important;}&#8220;][vc_column width=&#8220;1\/3&#8243;][vc_empty_space height=&#8220;10px&#8220;][mk_animated_columns column_height=&#8220;450&#8243; column_number=&#8220;1&#8243; style=&#8220;full&#8220; cover_link=&#8220;true&#8220; border_color=&#8220;#ffb100&#8243; border_hover_color=&#8220;#ffb100&#8243; bg_color=&#8220;#fff4e2&#8243; bg_hover_color=&#8220;#ffb100&#8243; icon_size=&#8220;64&#8243; icon_color=&#8220;#ffb100&#8243; icon_hover_color=&#8220;#ffffff&#8220; txt_color=&#8220;#1a825d&#8220; txt_hover_color=&#8220;#1a825d&#8220; btn_color=&#8220;#ffffff&#8220; btn_hover_color=&#8220;#ffb100&#8243; columns=&#8220;822&#8243;][\/vc_column][vc_column width=&#8220;1\/3&#8243;][vc_empty_space height=&#8220;10px&#8220;][mk_animated_columns column_height=&#8220;450&#8243; column_number=&#8220;1&#8243; style=&#8220;full&#8220; cover_link=&#8220;true&#8220; border_color=&#8220;#ffb100&#8243; border_hover_color=&#8220;#ffb100&#8243; bg_color=&#8220;#fff4e2&#8243; bg_hover_color=&#8220;#ffb100&#8243; icon_size=&#8220;64&#8243; icon_color=&#8220;#ffb100&#8243; icon_hover_color=&#8220;#ffffff&#8220; txt_color=&#8220;#1a825d&#8220; txt_hover_color=&#8220;#1a825d&#8220; btn_color=&#8220;#ffffff&#8220; btn_hover_color=&#8220;#ffb100&#8243; columns=&#8220;820&#8243;][\/vc_column][vc_column width=&#8220;1\/3&#8243;][vc_empty_space height=&#8220;10px&#8220;][mk_animated_columns column_height=&#8220;450&#8243; column_number=&#8220;1&#8243; style=&#8220;full&#8220; cover_link=&#8220;true&#8220; border_color=&#8220;#ffb100&#8243; border_hover_color=&#8220;#ffb100&#8243; bg_color=&#8220;#fff4e2&#8243; bg_hover_color=&#8220;#ffb100&#8243; icon_size=&#8220;64&#8243; icon_color=&#8220;#ffb100&#8243; icon_hover_color=&#8220;#ffffff&#8220; txt_color=&#8220;#1a825d&#8220; txt_hover_color=&#8220;#1a825d&#8220; btn_color=&#8220;#ffffff&#8220; btn_hover_color=&#8220;#ffb100&#8243; columns=&#8220;816&#8243;][\/vc_column][\/vc_row]\n<\/div>","protected":false},"excerpt":{"rendered":"<p>[vc_row fullwidth=&#8220;true&#8220; css=&#8220;.vc_custom_1457460310858{padding-top: 0px !important;padding-right: 0px !important;padding-bottom: 0px !important;padding-left: 0px !important;}&#8220;][vc_column][mk_edge_slider order=&#8220;ASC&#8220; full_height=&#8220;false&#8220; height=&#8220;492&#8243; slides=&#8220;15,62,67&#8243;][\/vc_column][\/vc_row][vc_row fullwidth=&#8220;true&#8220; css=&#8220;.vc_custom_1457538302181{padding-top: 0px !important;padding-right: 0px !important;padding-bottom: 0px !important;padding-left: 0px !important;background-color: #ffb100 !important;}&#8220;][vc_column][vc_empty_space height=&#8220;20px&#8220;][\/vc_column][\/vc_row][mk_page_section bg_image=&#8220;https:\/\/www.miglioranza.com\/wp-content\/uploads\/2016\/03\/Fondo-Verde.jpg&#8220; mask_opacity=&#8220;0.1&#8243; full_width=&#8220;true&#8220;][vc_column][vc_empty_space][vc_column_text] BAUEN, UM BESSER ZU WERDEN [\/vc_column_text][\/vc_column][\/mk_page_section][vc_row css=&#8220;.vc_custom_1457462521647{padding-top: 0px !important;padding-right: 0px !important;padding-bottom: 0px !important;padding-left: 0px !important;}&#8220;][vc_column][vc_empty_space height=&#8220;12px&#8220;][vc_empty_space height=&#8220;12px&#8220;][vc_column_text] [\/vc_column_text][vc_row_inner][vc_column_inner width=&#8220;1\/4&#8243;][vc_single_image image=&#8220;44&#8243; img_size=&#8220;full&#8220; alignment=&#8220;center&#8220; onclick=&#8220;link_image&#8220;][\/vc_column_inner][vc_column_inner width=&#8220;1\/2&#8243;][vc_column_text] [&hellip;]<\/p>\n","protected":false},"author":2,"featured_media":0,"parent":0,"menu_order":0,"comment_status":"closed","ping_status":"closed","template":"","meta":{"footnotes":""},"class_list":["post-791","page","type-page","status-publish","hentry"],"_links":{"self":[{"href":"https:\/\/www.miglioranza.com\/de\/wp-json\/wp\/v2\/pages\/791","targetHints":{"allow":["GET"]}}],"collection":[{"href":"https:\/\/www.miglioranza.com\/de\/wp-json\/wp\/v2\/pages"}],"about":[{"href":"https:\/\/www.miglioranza.com\/de\/wp-json\/wp\/v2\/types\/page"}],"author":[{"embeddable":true,"href":"https:\/\/www.miglioranza.com\/de\/wp-json\/wp\/v2\/users\/2"}],"replies":[{"embeddable":true,"href":"https:\/\/www.miglioranza.com\/de\/wp-json\/wp\/v2\/comments?post=791"}],"version-history":[{"count":0,"href":"https:\/\/www.miglioranza.com\/de\/wp-json\/wp\/v2\/pages\/791\/revisions"}],"wp:attachment":[{"href":"https:\/\/www.miglioranza.com\/de\/wp-json\/wp\/v2\/media?parent=791"}],"curies":[{"name":"wp","href":"https:\/\/api.w.org\/{rel}","templated":true}]}}